{"id":71,"date":"2022-09-05T12:50:23","date_gmt":"2022-09-05T12:50:23","guid":{"rendered":"https:\/\/secgen.usac.edu.gt\/?page_id=71"},"modified":"2024-01-08T20:17:22","modified_gmt":"2024-01-08T20:17:22","slug":"contactanos","status":"publish","type":"page","link":"https:\/\/secretariageneral.usac.edu.gt\/index.php\/contactanos\/","title":{"rendered":"Cont\u00e1ctanos"},"content":{"rendered":"\n<p class=\"has-text-align-center\">Toda la documentaci\u00f3n que se recibe en Secretar\u00eda General, seg\u00fan circular  SG.A.012-2023 es en formato digital al correo (Solicitud adjunta al correo en formato PDF y Word -ambos formatos requeridos-):<\/p>\n\n\n\n<p class=\"has-text-align-center has-text-color\" style=\"color:#08204e\"><strong>correspondenciasecretariogeneral@correoe.usac.edu.gt <\/strong><\/p>\n\n\n\n<p class=\"has-text-align-center\">o al correo:<\/p>\n\n\n\n<p class=\"has-text-align-center\"><p class=\"has-text-align-center has-text-color\" style=\"color:#08204e\"><strong>correspondenciacsu@correoe.usac.edu.gt <\/strong><\/p><\/p>\n\n\n\n<hr class=\"wp-block-separator has-alpha-channel-opacity\"\/>\n\n\n\n<p class=\"has-text-align-center has-medium-font-size\"><strong>Para seguimiento a otros procesos:<\/strong><\/p>\n\n\n\n<p class=\"has-text-align-center has-vivid-cyan-blue-color has-text-color\"><strong>Aut\u00e9nticas<\/strong><\/p>\n\n\n\n<p class=\"has-text-align-center\">certificacionesautenticas@correoe.usac.edu.gt o al 24188000 ext. 81117 <\/p>\n\n\n\n<p><\/p>\n\n\n\n<p class=\"has-text-align-center has-vivid-cyan-blue-color has-text-color\"><strong>Notificaci\u00f3n de Transcripciones CSU<\/strong><\/p>\n\n\n\n<p class=\"has-text-align-center\">transcripcionescsu@correoe.usac.edu.gt  o al 21188000 ext. 82375<\/p>\n","protected":false},"excerpt":{"rendered":"<p>Toda la documentaci\u00f3n que se recibe en Secretar\u00eda General, seg\u00fan circular SG.A.012-2023 es en formato digital al correo (Solicitud adjunta al correo en formato PDF y Word -ambos formatos requeridos-): correspondenciasecretariogeneral@correoe.usac.edu.gt o al correo: correspondenciacsu@correoe.usac.edu.gt Para seguimiento a otros procesos: Aut\u00e9nticas certificacionesautenticas@correoe.usac.edu.gt o al 24188000 ext. 81117 Notificaci\u00f3n de Transcripciones CSU transcripcionescsu@correoe.usac.edu.gt o al 21188000 [&hellip;]<\/p>\n","protected":false},"author":2,"featured_media":0,"parent":0,"menu_order":0,"comment_status":"closed","ping_status":"closed","template":"","meta":[],"_links":{"self":[{"href":"https:\/\/secretariageneral.usac.edu.gt\/index.php\/wp-json\/wp\/v2\/pages\/71"}],"collection":[{"href":"https:\/\/secretariageneral.usac.edu.gt\/index.php\/wp-json\/wp\/v2\/pages"}],"about":[{"href":"https:\/\/secretariageneral.usac.edu.gt\/index.php\/wp-json\/wp\/v2\/types\/page"}],"author":[{"embeddable":true,"href":"https:\/\/secretariageneral.usac.edu.gt\/index.php\/wp-json\/wp\/v2\/users\/2"}],"replies":[{"embeddable":true,"href":"https:\/\/secretariageneral.usac.edu.gt\/index.php\/wp-json\/wp\/v2\/comments?post=71"}],"version-history":[{"count":14,"href":"https:\/\/secretariageneral.usac.edu.gt\/index.php\/wp-json\/wp\/v2\/pages\/71\/revisions"}],"predecessor-version":[{"id":196,"href":"https:\/\/secretariageneral.usac.edu.gt\/index.php\/wp-json\/wp\/v2\/pages\/71\/revisions\/196"}],"wp:attachment":[{"href":"https:\/\/secretariageneral.usac.edu.gt\/index.php\/wp-json\/wp\/v2\/media?parent=71"}],"curies":[{"name":"wp","href":"https:\/\/api.w.org\/{rel}","templated":true}]}}