{"id":67,"date":"2022-09-05T12:48:54","date_gmt":"2022-09-05T12:48:54","guid":{"rendered":"https:\/\/secgen.usac.edu.gt\/?page_id=67"},"modified":"2022-09-05T19:57:40","modified_gmt":"2022-09-05T19:57:40","slug":"mision-y-vision","status":"publish","type":"page","link":"https:\/\/secretariageneral.usac.edu.gt\/index.php\/mision-y-vision\/","title":{"rendered":"Marco Operativo"},"content":{"rendered":"\n<p>Es la instancia responsable de mantener una comunicaci\u00f3n efectiva y eficiente entre el Consejo Superior Universitario, Rector\u00eda y las Unidades Acad\u00e9micas y Administrativas que conforman la Universidad de San Carlos de Guatemala. La Secretar\u00eda General desempe\u00f1a la funci\u00f3n de intermediaria y ejecutora de las decisiones adoptadas por las autoridades centrales de la instituci\u00f3n.<\/p>\n","protected":false},"excerpt":{"rendered":"<p>Es la instancia responsable de mantener una comunicaci\u00f3n efectiva y eficiente entre el Consejo Superior Universitario, Rector\u00eda y las Unidades Acad\u00e9micas y Administrativas que conforman la Universidad de San Carlos de Guatemala. La Secretar\u00eda General desempe\u00f1a la funci\u00f3n de intermediaria y ejecutora de las decisiones adoptadas por las autoridades centrales de la instituci\u00f3n.<\/p>\n","protected":false},"author":2,"featured_media":0,"parent":0,"menu_order":0,"comment_status":"closed","ping_status":"closed","template":"","meta":[],"_links":{"self":[{"href":"https:\/\/secretariageneral.usac.edu.gt\/index.php\/wp-json\/wp\/v2\/pages\/67"}],"collection":[{"href":"https:\/\/secretariageneral.usac.edu.gt\/index.php\/wp-json\/wp\/v2\/pages"}],"about":[{"href":"https:\/\/secretariageneral.usac.edu.gt\/index.php\/wp-json\/wp\/v2\/types\/page"}],"author":[{"embeddable":true,"href":"https:\/\/secretariageneral.usac.edu.gt\/index.php\/wp-json\/wp\/v2\/users\/2"}],"replies":[{"embeddable":true,"href":"https:\/\/secretariageneral.usac.edu.gt\/index.php\/wp-json\/wp\/v2\/comments?post=67"}],"version-history":[{"count":2,"href":"https:\/\/secretariageneral.usac.edu.gt\/index.php\/wp-json\/wp\/v2\/pages\/67\/revisions"}],"predecessor-version":[{"id":99,"href":"https:\/\/secretariageneral.usac.edu.gt\/index.php\/wp-json\/wp\/v2\/pages\/67\/revisions\/99"}],"wp:attachment":[{"href":"https:\/\/secretariageneral.usac.edu.gt\/index.php\/wp-json\/wp\/v2\/media?parent=67"}],"curies":[{"name":"wp","href":"https:\/\/api.w.org\/{rel}","templated":true}]}}