{"id":55,"date":"2022-09-02T21:16:30","date_gmt":"2022-09-02T21:16:30","guid":{"rendered":"https:\/\/secgen.usac.edu.gt\/?page_id=55"},"modified":"2025-02-20T16:48:47","modified_gmt":"2025-02-20T16:48:47","slug":"autentica-de-certificaciones","status":"publish","type":"page","link":"https:\/\/secretariageneral.usac.edu.gt\/index.php\/autentica-de-certificaciones\/","title":{"rendered":"Aut\u00e9ntica de Certificaciones"},"content":{"rendered":"\n<p>El proceso de aut\u00e9ntica de firmas, como paso previo del apostillado por parte del Ministerio de Relaciones Exteriores, se realiza \u00fanicamente sobre documentos de car\u00e1cter acad\u00e9mico emitidos por las unidades acad\u00e9micas de la Universidad de San Carlos de Guatemala, certificando que las firmas signadas en dichos documentos corresponden a las autoridades universitarias en turno, acorde a las validaciones internas que se realizan como parte del proceso. Los pasos para solicitarlo, son los siguientes:<\/p>\n\n\n\n<ol><li>Ingresar a la p\u00e1gina <a rel=\"noreferrer noopener\" href=\"https:\/\/secretariageneral.usac.edu.gt\/autenticas\" target=\"_blank\">https:\/\/secretariageneral.usac.edu.gt\/autenticas<\/a><\/li><li>Ingresar con su carnet y su pin de Registro y Estad\u00edstica.<\/li><li>Hacer click el bot\u00f3n de \u00abCrear Solicitud\u00bb. <\/li><li>Seleccionar el tipo de documento a autenticar (si va a autenticar varios documentos repetir desde el paso 3 por cada documento que requiera, para crear tantas solicitudes como documentos a autenticar tenga).<\/li><li>Hacer click en el bot\u00f3n de \u00abSolicitar\u00bb.<\/li><li>Adjuntar los documentos requeridos.  Al finalizar de cargar todos debe hacer click en el bot\u00f3n de \u00abCargar documentos y continuar con la solicitud). Los documentos a cargar deben ser en formato pdf.<\/li><li>La solicitud se crear\u00e1 y le asignar\u00e1 un n\u00famero de tr\u00e1mite. Ese le servir\u00e1 para darle seguimiento a su proceso, en el bot\u00f3n de \u00abver estado del tr\u00e1mite\u00bb. <\/li><li>Cuando el sistema le genere el n\u00famero de tr\u00e1mite, le permitir\u00e1 generar una orden de pago, la cual debe de pagar en Banrural, G&amp;T o Bantrab, para que se inicie el tr\u00e1mite en el sistema.<\/li><li>Debe ingresar al sistema para darle seguimiento a su proceso. El sistema le indicar\u00e1 con el status de  \u00abListo para Entrega\u00bb, indic\u00e1ndole los pasos para recoger su documento. El documento se entrega impreso, y se le coloca el timbre fiscal que debe traer al momento de recogerlo. Los horarios de entrega se encuentran dentro del mensaje que le despliega el sistema. <\/li><li>Con el documento entregado, ya puede proceder a continuar su tr\u00e1mite de apostillado ante el Ministerio de Relaciones Exteriores.<\/li><\/ol>\n\n\n\n<p>Para mayor informaci\u00f3n puede comunicarse al correo: certificacionesautenticas@correoe.usac.edu.gt <\/p>\n\n\n\n<figure class=\"wp-block-image size-full\"><img loading=\"lazy\" width=\"156\" height=\"156\" src=\"https:\/\/secretariageneral.usac.edu.gt\/wp-content\/uploads\/2025\/02\/QR_Code_1740070093.png\" alt=\"\" class=\"wp-image-251\" srcset=\"https:\/\/secretariageneral.usac.edu.gt\/wp-content\/uploads\/2025\/02\/QR_Code_1740070093.png 156w, https:\/\/secretariageneral.usac.edu.gt\/wp-content\/uploads\/2025\/02\/QR_Code_1740070093-150x150.png 150w\" sizes=\"(max-width: 156px) 100vw, 156px\" \/><\/figure>\n","protected":false},"excerpt":{"rendered":"<p>El proceso de aut\u00e9ntica de firmas, como paso previo del apostillado por parte del Ministerio de Relaciones Exteriores, se realiza \u00fanicamente sobre documentos de car\u00e1cter acad\u00e9mico emitidos por las unidades acad\u00e9micas de la Universidad de San Carlos de Guatemala, certificando que las firmas signadas en dichos documentos corresponden a las autoridades universitarias en turno, acorde [&hellip;]<\/p>\n","protected":false},"author":1,"featured_media":0,"parent":0,"menu_order":0,"comment_status":"closed","ping_status":"closed","template":"","meta":[],"_links":{"self":[{"href":"https:\/\/secretariageneral.usac.edu.gt\/index.php\/wp-json\/wp\/v2\/pages\/55"}],"collection":[{"href":"https:\/\/secretariageneral.usac.edu.gt\/index.php\/wp-json\/wp\/v2\/pages"}],"about":[{"href":"https:\/\/secretariageneral.usac.edu.gt\/index.php\/wp-json\/wp\/v2\/types\/page"}],"author":[{"embeddable":true,"href":"https:\/\/secretariageneral.usac.edu.gt\/index.php\/wp-json\/wp\/v2\/users\/1"}],"replies":[{"embeddable":true,"href":"https:\/\/secretariageneral.usac.edu.gt\/index.php\/wp-json\/wp\/v2\/comments?post=55"}],"version-history":[{"count":6,"href":"https:\/\/secretariageneral.usac.edu.gt\/index.php\/wp-json\/wp\/v2\/pages\/55\/revisions"}],"predecessor-version":[{"id":252,"href":"https:\/\/secretariageneral.usac.edu.gt\/index.php\/wp-json\/wp\/v2\/pages\/55\/revisions\/252"}],"wp:attachment":[{"href":"https:\/\/secretariageneral.usac.edu.gt\/index.php\/wp-json\/wp\/v2\/media?parent=55"}],"curies":[{"name":"wp","href":"https:\/\/api.w.org\/{rel}","templated":true}]}}